



{"id":2629,"date":"2026-01-22T10:46:12","date_gmt":"2026-01-22T10:46:12","guid":{"rendered":"https:\/\/orangechapter.com\/informatie-voor-werkgevers\/"},"modified":"2026-01-26T10:51:29","modified_gmt":"2026-01-26T10:51:29","slug":"informatie-voor-werkgevers","status":"publish","type":"page","link":"https:\/\/orangechapter.com\/nl\/informatie-voor-werkgevers\/","title":{"rendered":"Informatie voor werkgevers"},"content":{"rendered":"\n<div class=\"wp-block-media-text alignwide has-media-on-the-right is-stacked-on-mobile\" style=\"grid-template-columns:auto 43%\"><div class=\"wp-block-media-text__content\">\n<h3 class=\"wp-block-heading\"><strong>Vind de juiste tandarts voor uw praktijk<\/strong><\/h3>\n\n\n\n<p>Orange Chapter Recruitment werkt samen met tandartspraktijken en klinieken door heel Nederland en plaatst EU-gekwalificeerde tandartsen met uiteenlopende professionele achtergronden. Wij realiseren duurzame matches door het volledige traject te verzorgen: werving en selectie, taalontwikkeling en praktische begeleiding naar een succesvolle start in uw praktijk. <\/p>\n\n\n\n<p>Bent u op zoek naar een ambitieuze BIG-geregistreerde tandarts die gemotiveerd is om Nederlands te leren? Dan is Orange Chapter de juiste partner voor u. <\/p>\n\n\n\n<div class=\"wp-block-buttons is-content-justification-left is-layout-flex wp-container-core-buttons-is-layout-1 wp-block-buttons-is-layout-flex\">\n<div class=\"wp-block-button\"><a class=\"wp-block-button__link wp-element-button\" href=\"#profiel\">LEES MEER<\/a><\/div>\n<\/div>\n<\/div><figure class=\"wp-block-media-text__media\"><img loading=\"lazy\" decoding=\"async\" width=\"1024\" height=\"712\" src=\"https:\/\/orangechapter.com\/wp-content\/uploads\/2025\/06\/Website-foto-2025-1-1-1024x712.png\" alt=\"\" class=\"wp-image-2166 size-full\" srcset=\"https:\/\/orangechapter.com\/wp-content\/uploads\/2025\/06\/Website-foto-2025-1-1-1024x712.png 1024w, https:\/\/orangechapter.com\/wp-content\/uploads\/2025\/06\/Website-foto-2025-1-1-300x209.png 300w, https:\/\/orangechapter.com\/wp-content\/uploads\/2025\/06\/Website-foto-2025-1-1-768x534.png 768w, https:\/\/orangechapter.com\/wp-content\/uploads\/2025\/06\/Website-foto-2025-1-1-1536x1068.png 1536w, https:\/\/orangechapter.com\/wp-content\/uploads\/2025\/06\/Website-foto-2025-1-1-480x334.png 480w, https:\/\/orangechapter.com\/wp-content\/uploads\/2025\/06\/Website-foto-2025-1-1-960x668.png 960w, https:\/\/orangechapter.com\/wp-content\/uploads\/2025\/06\/Website-foto-2025-1-1-1200x835.png 1200w, https:\/\/orangechapter.com\/wp-content\/uploads\/2025\/06\/Website-foto-2025-1-1.png 1609w\" sizes=\"(max-width: 1024px) 100vw, 1024px\" \/><\/figure><\/div>\n\n\n\n<div id=\"teamfoto\" class=\"wp-block-group teamfoto allinfoblock\"><div class=\"wp-block-group__inner-container is-layout-constrained wp-block-group-is-layout-constrained\">\n<div class=\"wp-block-columns is-layout-flex wp-container-core-columns-is-layout-1 wp-block-columns-is-layout-flex\">\n<div class=\"wp-block-column is-layout-flow wp-block-column-is-layout-flow\" style=\"flex-basis:100%\">\n<h3 class=\"wp-block-heading\" id=\"profiel\"><strong>Wat u kunt verwachten van Orange Chapter Recruitment:<\/strong><\/h3>\n\n\n\n<ul class=\"wp-block-list\">\n<li>Wij selecteren kandidaten met een in de EU erkend diploma Tandheelkunde.<\/li>\n\n\n\n<li>Wij stemmen ervaring af op uw wensen; ervaring is een pr\u00e9, maar niet altijd vereist.<\/li>\n\n\n\n<li>Wij richten ons op kandidaten die zich willen committeren aan een langdurige samenwerking in Nederland.<\/li>\n<\/ul>\n\n\n\n<p><\/p>\n\n\n\n<h4 class=\"wp-block-heading\"><strong>Snellere en zekerder onboarding<\/strong><\/h4>\n\n\n\n<ul class=\"wp-block-list\">\n<li>Wij begeleiden kandidaten via een online Nederlands taalprogramma tot en met B2+-niveau en ondersteunen hen bij het afleggen van het offici\u00eble examen in Nederland.<\/li>\n\n\n\n<li>Wij bieden een helder en gestructureerd traject richting klinische inzetbaarheid in uw praktijk.<\/li>\n\n\n\n<li>Wij kunnen, indien gewenst, ondersteuning bieden bij de onboarding en de eerste begeleiding op de werkvloer.<\/li>\n<\/ul>\n\n\n\n<p><\/p>\n\n\n\n<h4 class=\"wp-block-heading\"><strong>Volledige ondersteuning voor de tandarts<\/strong><\/h4>\n\n\n\n<ul class=\"wp-block-list\">\n<li>Wij regelen het volledige relocatieproces, inclusief vluchten, huisvesting en administratieve procedures.<\/li>\n\n\n\n<li>Wij bieden doorlopende begeleiding bij de sociale en culturele integratie.<\/li>\n\n\n\n<li>Wij bieden \u00e9\u00e9n vast aanspreekpunt voor co\u00f6rdinatie en voortgangsupdates.We provide <strong>one dedicated point of contact<\/strong> for coordination and progress updates.<\/li>\n<\/ul>\n\n\n\n<p><\/p>\n\n\n\n<h4 class=\"wp-block-heading\"><strong>Arbeidsvoorwaarden en samenwerking (in overleg)<\/strong><\/h4>\n\n\n\n<ul class=\"wp-block-list\">\n<li>Wij streven naar een samenwerkingsovereenkomst van minimaal twee jaar om continu\u00efteit te waarborgen.<\/li>\n\n\n\n<li>Wij faciliteren een fulltime dienstverband, afgestemd op de behoeften van uw praktijk, op basis van een OVO-contract.<\/li>\n\n\n\n<li>Na twee jaar ondersteunen wij de mogelijkheden voor voortzetting, zelfstandig ondernemerschap of overgang, in lijn met de geldende wet- en regelgeving en de gemaakte afspraken.<\/li>\n<\/ul>\n\n\n\n<p><\/p>\n\n\n\n<h4 class=\"wp-block-heading\"><strong>Klaar om uw ideale match te vinden?<\/strong><\/h4>\n\n\n\n<p>Laat ons weten wat uw praktijk nodig heeft (werkuren, klinisch profiel, locatie en gewenste startdatum). Wij stellen passende kandidaten voor en begeleiden u vanaf de selectie tot en met een succesvolle start. <\/p>\n\n\n\n<p>Neem contact met ons op via ton@orangechapter.com. Neem vandaag nog contact op! <\/p>\n<\/div>\n<\/div>\n<\/div><\/div>\n\n\n\n\n\n\n<!-- upcoming_block -->\n<figure id=\"upcoming_dates-block_f9f98edbb9a0a47df6f142dfaa0afa3b\" class=\"upcoming_block \">\n    <div class=\"element\"><\/div>\n    <div class=\"element2\"><\/div>\n    <div class=\"img\"><img decoding=\"async\" width=\"1389\" height=\"926\" loading=\"lazy\" srcset=\"https:\/\/orangechapter.com\/wp-content\/uploads\/2024\/11\/upcoming_img-768x512.jpg 480w, https:\/\/orangechapter.com\/wp-content\/uploads\/2024\/11\/upcoming_img-960x640.jpg 768w, https:\/\/orangechapter.com\/wp-content\/uploads\/2024\/11\/upcoming_img-1200x800.jpg 960w, https:\/\/orangechapter.com\/wp-content\/uploads\/2024\/11\/upcoming_img.jpg 1200w, https:\/\/orangechapter.com\/wp-content\/uploads\/2024\/11\/upcoming_img.jpg 2000w, https:\/\/orangechapter.com\/wp-content\/uploads\/2024\/11\/upcoming_img.jpg 3000w\" sizes=\"(max-width:479px) 480px, (min-width: 480px) and (max-width: 767px) 768px, (min-width: 768px) and (max-width: 959px) 960px, (min-width: 960px) and (max-width: 1200px) 1200px, 100vw\" src=\"https:\/\/orangechapter.com\/wp-content\/uploads\/2024\/11\/upcoming_img-960x640.jpg\" alt=\"\" \/><\/div>    <figcaption>\n        <h3 title=\"Upcoming start dates\">Upcoming start dates<\/h3>        <p>Join our program, starting three times a year! With a total duration of 20 weeks, this program is your pathway to growth and success. Ready to take the first step? Let&#8217;s start with a meeting!   <\/p>\n                <ul>\n                        <li><div>maart 2, 2026<span>Few spots left <\/span><\/div><\/li>\n                        <li><div>april 6, 2026<\/div><\/li>\n                        <li><div>mei 4, 2026<\/div><\/li>\n                    <\/ul>\n                <p><a href=\"\/dutch-language-course\/\">Check it out!<\/a><\/p>    <\/figcaption>\n<\/figure>\n<!-- \/upcoming_block -->\n\n\n<h3 class=\"wp-block-heading has-text-align-center\">Our Partners<\/h3>\n\n\n\n<div class=\"wp-block-columns is-layout-flex wp-container-core-columns-is-layout-2 wp-block-columns-is-layout-flex\">\n<div class=\"wp-block-column is-vertically-aligned-center is-layout-flow wp-block-column-is-layout-flow\"><div class=\"wp-block-image\">\n<figure class=\"aligncenter size-full is-resized\"><a href=\"https:\/\/livhousing.nl\/\"><img loading=\"lazy\" decoding=\"async\" width=\"362\" height=\"130\" src=\"https:\/\/orangechapter.com\/wp-content\/uploads\/2024\/11\/Untitled-1-1.png\" alt=\"\" class=\"wp-image-1901\" style=\"width:118px;height:auto\" srcset=\"https:\/\/orangechapter.com\/wp-content\/uploads\/2024\/11\/Untitled-1-1.png 362w, https:\/\/orangechapter.com\/wp-content\/uploads\/2024\/11\/Untitled-1-1-300x108.png 300w\" sizes=\"(max-width: 362px) 100vw, 362px\" \/><\/a><\/figure><\/div><\/div>\n\n\n\n<div class=\"wp-block-column is-vertically-aligned-center is-layout-flow wp-block-column-is-layout-flow\"><div class=\"wp-block-image\">\n<figure class=\"aligncenter size-full is-resized\"><a href=\"https:\/\/andreeaberkhout.com\/en\"><img loading=\"lazy\" decoding=\"async\" width=\"790\" height=\"133\" src=\"https:\/\/orangechapter.com\/wp-content\/uploads\/2024\/11\/Untitled-2-1.png\" alt=\"\" class=\"wp-image-1899\" style=\"width:194px;height:auto\" srcset=\"https:\/\/orangechapter.com\/wp-content\/uploads\/2024\/11\/Untitled-2-1.png 790w, https:\/\/orangechapter.com\/wp-content\/uploads\/2024\/11\/Untitled-2-1-300x51.png 300w, https:\/\/orangechapter.com\/wp-content\/uploads\/2024\/11\/Untitled-2-1-768x129.png 768w, https:\/\/orangechapter.com\/wp-content\/uploads\/2024\/11\/Untitled-2-1-480x81.png 480w\" sizes=\"(max-width: 790px) 100vw, 790px\" \/><\/a><\/figure><\/div><\/div>\n\n\n\n<div class=\"wp-block-column is-vertically-aligned-center is-layout-flow wp-block-column-is-layout-flow\"><div class=\"wp-block-image\">\n<figure class=\"aligncenter size-full is-resized\"><a href=\"https:\/\/househunting.nl\/\"><img loading=\"lazy\" decoding=\"async\" width=\"692\" height=\"236\" src=\"https:\/\/orangechapter.com\/wp-content\/uploads\/2024\/11\/Untitled-4.png\" alt=\"\" class=\"wp-image-1905\" style=\"width:160px;height:auto\" srcset=\"https:\/\/orangechapter.com\/wp-content\/uploads\/2024\/11\/Untitled-4.png 692w, https:\/\/orangechapter.com\/wp-content\/uploads\/2024\/11\/Untitled-4-300x102.png 300w, https:\/\/orangechapter.com\/wp-content\/uploads\/2024\/11\/Untitled-4-480x164.png 480w\" sizes=\"(max-width: 692px) 100vw, 692px\" \/><\/a><\/figure><\/div><\/div>\n\n\n\n<div class=\"wp-block-column is-vertically-aligned-center is-layout-flow wp-block-column-is-layout-flow\"><div class=\"wp-block-image\">\n<figure class=\"aligncenter size-full is-resized\"><a href=\"https:\/\/www.dutchily.com\/\"><img loading=\"lazy\" decoding=\"async\" width=\"1000\" height=\"1058\" src=\"https:\/\/orangechapter.com\/wp-content\/uploads\/2025\/07\/duthily-logo-website@4x.png\" alt=\"duthily-logo-website\" class=\"wp-image-2251\" style=\"width:101px;height:auto\" srcset=\"https:\/\/orangechapter.com\/wp-content\/uploads\/2025\/07\/duthily-logo-website@4x.png 1000w, https:\/\/orangechapter.com\/wp-content\/uploads\/2025\/07\/duthily-logo-website@4x-284x300.png 284w, https:\/\/orangechapter.com\/wp-content\/uploads\/2025\/07\/duthily-logo-website@4x-968x1024.png 968w, https:\/\/orangechapter.com\/wp-content\/uploads\/2025\/07\/duthily-logo-website@4x-768x813.png 768w, https:\/\/orangechapter.com\/wp-content\/uploads\/2025\/07\/duthily-logo-website@4x-480x508.png 480w, https:\/\/orangechapter.com\/wp-content\/uploads\/2025\/07\/duthily-logo-website@4x-960x1016.png 960w\" sizes=\"(max-width: 1000px) 100vw, 1000px\" \/><\/a><\/figure><\/div><\/div>\n<\/div>\n\n\n\n<div style=\"height:140px\" aria-hidden=\"true\" class=\"wp-block-spacer\"><\/div>\n","protected":false},"excerpt":{"rendered":"<p>Wat u kunt verwachten van Orange Chapter Recruitment: Snellere en zekerder onboarding Volledige ondersteuning voor de tandarts Arbeidsvoorwaarden en samenwerking (in overleg) Klaar om uw ideale match te vinden? Laat ons weten wat uw praktijk nodig heeft (werkuren, klinisch profiel, locatie en gewenste startdatum). Wij stellen passende kandidaten voor en begeleiden u vanaf de selectie<a href=\"https:\/\/orangechapter.com\/nl\/informatie-voor-werkgevers\/\">[\u2026]<\/a><\/p>\n","protected":false},"author":1,"featured_media":921,"parent":0,"menu_order":0,"comment_status":"closed","ping_status":"closed","template":"","meta":{"_acf_changed":false,"_seopress_robots_primary_cat":"","_seopress_titles_title":"Alle informatie voor werkgevers \u2013 Orange Chapter","_seopress_titles_desc":"Orange Chapter Recruitment werkt landelijk samen met diverse tandartspraktijken en is op zoek naar tandartsen met uiteenlopende professionele achtergronden, zodat jij de perfecte match vindt.","_seopress_robots_index":"","footnotes":""},"class_list":["post-2629","page","type-page","status-publish","has-post-thumbnail","hentry"],"acf":[],"_links":{"self":[{"href":"https:\/\/orangechapter.com\/nl\/wp-json\/wp\/v2\/pages\/2629"}],"collection":[{"href":"https:\/\/orangechapter.com\/nl\/wp-json\/wp\/v2\/pages"}],"about":[{"href":"https:\/\/orangechapter.com\/nl\/wp-json\/wp\/v2\/types\/page"}],"author":[{"embeddable":true,"href":"https:\/\/orangechapter.com\/nl\/wp-json\/wp\/v2\/users\/1"}],"replies":[{"embeddable":true,"href":"https:\/\/orangechapter.com\/nl\/wp-json\/wp\/v2\/comments?post=2629"}],"version-history":[{"count":4,"href":"https:\/\/orangechapter.com\/nl\/wp-json\/wp\/v2\/pages\/2629\/revisions"}],"predecessor-version":[{"id":2705,"href":"https:\/\/orangechapter.com\/nl\/wp-json\/wp\/v2\/pages\/2629\/revisions\/2705"}],"wp:featuredmedia":[{"embeddable":true,"href":"https:\/\/orangechapter.com\/nl\/wp-json\/wp\/v2\/media\/921"}],"wp:attachment":[{"href":"https:\/\/orangechapter.com\/nl\/wp-json\/wp\/v2\/media?parent=2629"}],"curies":[{"name":"wp","href":"https:\/\/api.w.org\/{rel}","templated":true}]}}